{"id":7,"date":"2012-12-20T16:00:52","date_gmt":"2012-12-20T16:00:52","guid":{"rendered":"http:\/\/manuelle-medizin.at\/WP3\/?page_id=7"},"modified":"2025-07-15T13:02:36","modified_gmt":"2025-07-15T13:02:36","slug":"frank-schneider-2","status":"publish","type":"page","link":"https:\/\/manuelle-medizin.at\/WP3\/","title":{"rendered":"Orthop\u00e4die in Graz"},"content":{"rendered":"<h4><span style=\"color: #993300;\"><img loading=\"lazy\" class=\"size-medium wp-image-672 alignleft\" src=\"https:\/\/manuelle-medizin.at\/WP3\/wp-content\/uploads\/2015\/01\/DSC3518-e1421778406412-300x294.jpg\" alt=\"_DSC3518\" width=\"300\" height=\"294\" srcset=\"https:\/\/manuelle-medizin.at\/WP3\/wp-content\/uploads\/2015\/01\/DSC3518-e1421778406412-300x294.jpg 300w, https:\/\/manuelle-medizin.at\/WP3\/wp-content\/uploads\/2015\/01\/DSC3518-e1421778406412-1024x1004.jpg 1024w\" sizes=\"(max-width: 300px) 100vw, 300px\" \/>Ordinationen:<br \/>\n<\/span><span style=\"color: #993300;\">Mariatrosterstr. 28; 8043 Graz-Kroisbach<\/span><\/h4>\n<h5><span style=\"color: #333333;\">Di 8-13 <\/span><\/h5>\n<h5><span style=\"color: #333333;\">Mi 15-20<\/span><\/h5>\n<h5><strong>Do 8-13\u00a0<\/strong><\/h5>\n<h4>___________________________<\/h4>\n<h4><span style=\"color: #993300;\"><strong>Medropole Therapiezentrum<\/strong><\/span><br \/>\n<span style=\"color: #993300;\"> <strong>Grillparzerstr. 62; 8010 Graz<br \/>\n(Zufahrt \u00fcber <span style=\"color: #993300;\">Bergmanngasse)<\/span><\/strong><\/span><\/h4>\n<h5><span style=\"color: #333333;\">(Mi), Fr 8 -13<\/span><\/h5>\n<h5><em>Chiropraktiker, Akupunkteur, Atlastherapeut<br \/>\nSchmerztherapie mit komplement\u00e4ren Methoden<\/em><\/h5>\n<p><strong><i>Arthrosebehandlung, <\/i><\/strong><strong><i>Kniespezialist<br \/>\n<\/i><\/strong><\/p>\n<h5><i>Kinderorthop\u00e4de<\/i><\/h5>\n<h5><i><strong>Dienstag:\u00a0<\/strong><\/i><i>Kinderorthop\u00e4die und S\u00e4uglingsbehandlung<\/i><\/h5>\n<h5><i><strong>Mittwoch: Kinder- und allgemeine Orthop\u00e4die<\/strong><\/i><strong><i>\u00a0<\/i><\/strong><\/h5>\n<h5><i><strong>Donnerstag :\u00a0<\/strong><\/i><strong><i>Knie + Sportverletzungen, Arthrosebehandlung (Vorwiegend ERWACHSENE !)<\/i><\/strong><\/h5>\n<h5><strong><i>Freitag: <\/i><\/strong><i><strong>Kinder- und allgemeine Orthop\u00e4die<\/strong><\/i><strong><i>\u00a0<\/i><\/strong><\/h5>\n<h4 style=\"text-align: left;\"><strong>Terminvereinbarung online \u00fcber den Terminkalender. Bitte keine Terminanfragen per email !<\/strong><\/h4>\n<h4 style=\"text-align: left;\"><strong>Telefonische Terminanfragen\u00a0 <\/strong><strong>bitte unter 06991702630<\/strong><\/h4>\n<h5 style=\"text-align: left;\"><strong><i><b>Bankverbindung: AT69 3837 7000 0418 1897<\/b><\/i><\/strong><\/h5>\n<h5 style=\"text-align: left;\"><em>Bitte beachten Sie, dass Sie Termine, die nicht wahrgenommen werden k\u00f6nnen, rechtzeitig stornieren (24 Stunden vorher per SMS, Anruf oder email). <\/em><\/h5>\n<h5 style=\"text-align: left;\"><i>Wir bem\u00fchen uns sehr, die Termine einzuhalten, daher sind die gebuchten Termine verbindlich einzuhalten. Bei unentschuldigtem Nichterscheinen wird aufgrund des Honorarausfalls eine Stornogeb\u00fchr von 100\u20ac erhoben!<\/i><\/h5>\n<h5 style=\"text-align: left;\"><strong>\u00a0<\/strong><\/h5>\n<div class=\"su-spacer\" style=\"height:20px\"><\/div>\n<h5><\/h5>\n<h5><\/h5>\n<div class=\"su-spacer\" style=\"height:40px\"><\/div>\n<h4><span style=\"color: #993300;\"><strong><div class=\"su-quote su-quote-style-default su-quote-has-cite\"><div class=\"su-quote-inner su-u-clearfix su-u-trim\">Die medizinische Forschung hat so gro\u00dfe Fortschritte gemacht, da\u00df es nahezu unm\u00f6glich geworden ist, einen gesunden Menschen zu finden.<span class=\"su-quote-cite\">Aldous Huxley<\/span><\/div><\/div><\/strong><\/span><\/h4>\n<table style=\"width: 100%;\">\n<tbody>\n<tr>\n<td>Ordination Mariatrost<\/td>\n<td>Ordination Medropole Therapiezentrum<\/td>\n<\/tr>\n<tr>\n<td align=\"center\"><iframe loading=\"lazy\" style=\"border: 0;\" src=\"https:\/\/www.google.com\/maps\/embed?pb=!1m18!1m12!1m3!1d468.64651343866467!2d15.45992015227372!3d47.09042317219323!2m3!1f0!2f0!3f0!3m2!1i1024!2i768!4f13.1!3m3!1m2!1s0x476e4a1e78bd793b%3A0xf0769d0dcaca6ed0!2sDr.+med.+Frank+Schneider!5e0!3m2!1sde!2sat!4v1530544497750\" width=\"280\" height=\"300\" frameborder=\"0\" allowfullscreen=\"allowfullscreen\"><\/iframe><\/td>\n<td align=\"center\"><iframe loading=\"lazy\" style=\"border: 0;\" src=\"https:\/\/www.google.com\/maps\/embed?pb=!1m18!1m12!1m3!1d1142.2399165656811!2d15.439662036139447!3d47.08496066129853!2m3!1f0!2f0!3f0!3m2!1i1024!2i768!4f13.1!3m3!1m2!1s0x476e358e3b6c6c6d%3A0x87d02a2af891d0ec!2sMEDROPOLE+Graz!5e0!3m2!1sde!2sat!4v1557864164411!5m2!1sde!2sat\" width=\"280\" height=\"300\" frameborder=\"0\" allowfullscreen=\"allowfullscreen\"><\/iframe><\/td>\n<\/tr>\n<\/tbody>\n<\/table>\n","protected":false},"excerpt":{"rendered":"<p>Ordinationen: Mariatrosterstr. 28; 8043 Graz-Kroisbach Di 8-13 Mi 15-20 Do 8-13\u00a0 ___________________________ Medropole Therapiezentrum Grillparzerstr. 62; 8010 Graz (Zufahrt \u00fcber Bergmanngasse) (Mi), Fr 8 -13 Chiropraktiker, Akupunkteur, Atlastherapeut Schmerztherapie mit komplement\u00e4ren Methoden Arthrosebehandlung, Kniespezialist Kinderorthop\u00e4de Dienstag:\u00a0Kinderorthop\u00e4die und S\u00e4uglingsbehandlung Mittwoch: Kinder- &hellip;<\/p>\n<p class=\"read-more\"> <a class=\"more-link\" href=\"https:\/\/manuelle-medizin.at\/WP3\/\"> <span class=\"screen-reader-text\">Orthop\u00e4die in Graz<\/span> Read More &raquo;<\/a><\/p>\n","protected":false},"author":1,"featured_media":0,"parent":0,"menu_order":0,"comment_status":"closed","ping_status":"closed","template":"","meta":[],"yoast_head":"<!-- This site is optimized with the Yoast SEO plugin v18.4.1 - https:\/\/yoast.com\/wordpress\/plugins\/seo\/ -->\n<title>Orthop\u00e4die in Graz - Dr. med. Frank Schneider<\/title>\n<meta name=\"description\" content=\"Facharzt f\u00fcr Orthop\u00e4die in Graz-Mariatrost\" \/>\n<meta name=\"robots\" content=\"index, follow, max-snippet:-1, max-image-preview:large, max-video-preview:-1\" \/>\n<link rel=\"canonical\" href=\"https:\/\/manuelle-medizin.at\/WP3\/\" \/>\n<meta property=\"og:locale\" content=\"de_DE\" \/>\n<meta property=\"og:type\" content=\"article\" \/>\n<meta property=\"og:title\" content=\"Orthop\u00e4die in Graz - Dr. med. Frank Schneider\" \/>\n<meta property=\"og:description\" content=\"Facharzt f\u00fcr Orthop\u00e4die in Graz-Mariatrost\" \/>\n<meta property=\"og:url\" content=\"https:\/\/manuelle-medizin.at\/WP3\/\" \/>\n<meta property=\"og:site_name\" content=\"Dr. med. Frank Schneider\" \/>\n<meta property=\"article:modified_time\" content=\"2025-07-15T13:02:36+00:00\" \/>\n<meta property=\"og:image\" content=\"https:\/\/manuelle-medizin.at\/WP3\/wp-content\/uploads\/2015\/01\/DSC3518-e1421778406412-300x294.jpg\" \/>\n<meta name=\"twitter:label1\" content=\"Gesch\u00e4tzte Lesezeit\" \/>\n\t<meta name=\"twitter:data1\" content=\"2\u00a0Minuten\" \/>\n<script type=\"application\/ld+json\" class=\"yoast-schema-graph\">{\"@context\":\"https:\/\/schema.org\",\"@graph\":[{\"@type\":\"WebSite\",\"@id\":\"https:\/\/manuelle-medizin.at\/WP3\/#website\",\"url\":\"https:\/\/manuelle-medizin.at\/WP3\/\",\"name\":\"Dr. med. Frank Schneider\",\"description\":\"Facharzt f\u00fcr Orthop\u00e4die\",\"potentialAction\":[{\"@type\":\"SearchAction\",\"target\":{\"@type\":\"EntryPoint\",\"urlTemplate\":\"https:\/\/manuelle-medizin.at\/WP3\/?s={search_term_string}\"},\"query-input\":\"required name=search_term_string\"}],\"inLanguage\":\"de\"},{\"@type\":\"ImageObject\",\"@id\":\"https:\/\/manuelle-medizin.at\/WP3\/#primaryimage\",\"inLanguage\":\"de\",\"url\":\"https:\/\/manuelle-medizin.at\/WP3\/wp-content\/uploads\/2015\/01\/DSC3518-e1421778406412.jpg\",\"contentUrl\":\"https:\/\/manuelle-medizin.at\/WP3\/wp-content\/uploads\/2015\/01\/DSC3518-e1421778406412.jpg\",\"width\":2362,\"height\":2316},{\"@type\":\"WebPage\",\"@id\":\"https:\/\/manuelle-medizin.at\/WP3\/#webpage\",\"url\":\"https:\/\/manuelle-medizin.at\/WP3\/\",\"name\":\"Orthop\u00e4die in Graz - Dr. med. Frank Schneider\",\"isPartOf\":{\"@id\":\"https:\/\/manuelle-medizin.at\/WP3\/#website\"},\"primaryImageOfPage\":{\"@id\":\"https:\/\/manuelle-medizin.at\/WP3\/#primaryimage\"},\"datePublished\":\"2012-12-20T16:00:52+00:00\",\"dateModified\":\"2025-07-15T13:02:36+00:00\",\"description\":\"Facharzt f\u00fcr Orthop\u00e4die in Graz-Mariatrost\",\"breadcrumb\":{\"@id\":\"https:\/\/manuelle-medizin.at\/WP3\/#breadcrumb\"},\"inLanguage\":\"de\",\"potentialAction\":[{\"@type\":\"ReadAction\",\"target\":[\"https:\/\/manuelle-medizin.at\/WP3\/\"]}]},{\"@type\":\"BreadcrumbList\",\"@id\":\"https:\/\/manuelle-medizin.at\/WP3\/#breadcrumb\",\"itemListElement\":[{\"@type\":\"ListItem\",\"position\":1,\"name\":\"Startseite\",\"item\":\"https:\/\/manuelle-medizin.at\/WP3\/\"},{\"@type\":\"ListItem\",\"position\":2,\"name\":\"Orthop\u00e4die in Graz\"}]}]}<\/script>\n<!-- \/ Yoast SEO plugin. -->","yoast_head_json":{"title":"Orthop\u00e4die in Graz - Dr. med. Frank Schneider","description":"Facharzt f\u00fcr Orthop\u00e4die in Graz-Mariatrost","robots":{"index":"index","follow":"follow","max-snippet":"max-snippet:-1","max-image-preview":"max-image-preview:large","max-video-preview":"max-video-preview:-1"},"canonical":"https:\/\/manuelle-medizin.at\/WP3\/","og_locale":"de_DE","og_type":"article","og_title":"Orthop\u00e4die in Graz - Dr. med. Frank Schneider","og_description":"Facharzt f\u00fcr Orthop\u00e4die in Graz-Mariatrost","og_url":"https:\/\/manuelle-medizin.at\/WP3\/","og_site_name":"Dr. med. Frank Schneider","article_modified_time":"2025-07-15T13:02:36+00:00","og_image":[{"url":"https:\/\/manuelle-medizin.at\/WP3\/wp-content\/uploads\/2015\/01\/DSC3518-e1421778406412-300x294.jpg"}],"twitter_misc":{"Gesch\u00e4tzte Lesezeit":"2\u00a0Minuten"},"schema":{"@context":"https:\/\/schema.org","@graph":[{"@type":"WebSite","@id":"https:\/\/manuelle-medizin.at\/WP3\/#website","url":"https:\/\/manuelle-medizin.at\/WP3\/","name":"Dr. med. Frank Schneider","description":"Facharzt f\u00fcr Orthop\u00e4die","potentialAction":[{"@type":"SearchAction","target":{"@type":"EntryPoint","urlTemplate":"https:\/\/manuelle-medizin.at\/WP3\/?s={search_term_string}"},"query-input":"required name=search_term_string"}],"inLanguage":"de"},{"@type":"ImageObject","@id":"https:\/\/manuelle-medizin.at\/WP3\/#primaryimage","inLanguage":"de","url":"https:\/\/manuelle-medizin.at\/WP3\/wp-content\/uploads\/2015\/01\/DSC3518-e1421778406412.jpg","contentUrl":"https:\/\/manuelle-medizin.at\/WP3\/wp-content\/uploads\/2015\/01\/DSC3518-e1421778406412.jpg","width":2362,"height":2316},{"@type":"WebPage","@id":"https:\/\/manuelle-medizin.at\/WP3\/#webpage","url":"https:\/\/manuelle-medizin.at\/WP3\/","name":"Orthop\u00e4die in Graz - Dr. med. Frank Schneider","isPartOf":{"@id":"https:\/\/manuelle-medizin.at\/WP3\/#website"},"primaryImageOfPage":{"@id":"https:\/\/manuelle-medizin.at\/WP3\/#primaryimage"},"datePublished":"2012-12-20T16:00:52+00:00","dateModified":"2025-07-15T13:02:36+00:00","description":"Facharzt f\u00fcr Orthop\u00e4die in Graz-Mariatrost","breadcrumb":{"@id":"https:\/\/manuelle-medizin.at\/WP3\/#breadcrumb"},"inLanguage":"de","potentialAction":[{"@type":"ReadAction","target":["https:\/\/manuelle-medizin.at\/WP3\/"]}]},{"@type":"BreadcrumbList","@id":"https:\/\/manuelle-medizin.at\/WP3\/#breadcrumb","itemListElement":[{"@type":"ListItem","position":1,"name":"Startseite","item":"https:\/\/manuelle-medizin.at\/WP3\/"},{"@type":"ListItem","position":2,"name":"Orthop\u00e4die in Graz"}]}]}},"_links":{"self":[{"href":"https:\/\/manuelle-medizin.at\/WP3\/wp-json\/wp\/v2\/pages\/7"}],"collection":[{"href":"https:\/\/manuelle-medizin.at\/WP3\/wp-json\/wp\/v2\/pages"}],"about":[{"href":"https:\/\/manuelle-medizin.at\/WP3\/wp-json\/wp\/v2\/types\/page"}],"author":[{"embeddable":true,"href":"https:\/\/manuelle-medizin.at\/WP3\/wp-json\/wp\/v2\/users\/1"}],"replies":[{"embeddable":true,"href":"https:\/\/manuelle-medizin.at\/WP3\/wp-json\/wp\/v2\/comments?post=7"}],"version-history":[{"count":287,"href":"https:\/\/manuelle-medizin.at\/WP3\/wp-json\/wp\/v2\/pages\/7\/revisions"}],"predecessor-version":[{"id":1401,"href":"https:\/\/manuelle-medizin.at\/WP3\/wp-json\/wp\/v2\/pages\/7\/revisions\/1401"}],"wp:attachment":[{"href":"https:\/\/manuelle-medizin.at\/WP3\/wp-json\/wp\/v2\/media?parent=7"}],"curies":[{"name":"wp","href":"https:\/\/api.w.org\/{rel}","templated":true}]}}