{"id":23,"date":"2012-12-20T16:12:11","date_gmt":"2012-12-20T16:12:11","guid":{"rendered":"http:\/\/manuelle-medizin.at\/WP3\/?page_id=23"},"modified":"2024-09-21T10:06:12","modified_gmt":"2024-09-21T10:06:12","slug":"kontakt","status":"publish","type":"page","link":"https:\/\/manuelle-medizin.at\/WP3\/kontakt\/","title":{"rendered":"Kontakt"},"content":{"rendered":"<h2>Dr. med. Frank Schneider<\/h2>\n<p>Facharzt f\u00fcr Orthop\u00e4die<br \/>\nPrivat und Wahlarzt f\u00fcr alle Kassen<\/p>\n<p><strong>ORDINATION<\/strong><\/p>\n<p><strong>in MARIATROSTERSTR 28<br \/>\n<\/strong><strong>8043 GRAZ<br \/>\n<\/strong>gegen\u00fcber Diagnostikzentrum Graz<\/p>\n<p><strong>oder<\/strong><\/p>\n<p><strong>im MEDROPOLE THERAPIEZENTRUM<br \/>\n<strong>A\u20118010 Graz, Grillparzerstr.62<\/strong><br \/>\nZufahrt nur \u00fcber Bergmanngasse und Richard-Wagner Gasse<\/strong><\/p>\n<p><strong>Terminvereinbarung unter:<br \/>\n<a href=\"Tel: +43699 17026300\">Tel: +43 (0)699 17026300<br \/>\n<\/a>Mobil:+43 (0)6645347077<br \/>\nFax: 0316-3233114<\/strong><\/p>\n<p><strong><strong>Terminstornierungen bitte bis 24 Stunden vor Termin !<\/strong><\/strong><\/p>\n<p><strong><strong>Bei unentschuldigtem Nichterscheinen wird eine Ordination verrechnet und eine Honorarnote erstellt!<\/strong><\/strong><\/p>\n<p><strong>\u00a0<\/strong><\/p>\n<table style=\"width: 100%;\">\n<tbody>\n<tr>\n<td>Ordination Mariatrost<\/td>\n<td>Ordination Medropole Therapiezentrum<\/td>\n<\/tr>\n<tr>\n<td align=\"center\"><iframe loading=\"lazy\" style=\"border: 0;\" src=\"https:\/\/www.google.com\/maps\/embed?pb=!1m18!1m12!1m3!1d468.64651343866467!2d15.45992015227372!3d47.09042317219323!2m3!1f0!2f0!3f0!3m2!1i1024!2i768!4f13.1!3m3!1m2!1s0x476e4a1e78bd793b%3A0xf0769d0dcaca6ed0!2sDr.+med.+Frank+Schneider!5e0!3m2!1sde!2sat!4v1530544497750\" width=\"280\" height=\"300\" frameborder=\"0\" allowfullscreen=\"allowfullscreen\"><\/iframe><\/td>\n<td align=\"center\"><iframe loading=\"lazy\" style=\"border: 0;\" src=\"https:\/\/www.google.com\/maps\/embed?pb=!1m18!1m12!1m3!1d1142.2399165656811!2d15.439662036139447!3d47.08496066129853!2m3!1f0!2f0!3f0!3m2!1i1024!2i768!4f13.1!3m3!1m2!1s0x476e358e3b6c6c6d%3A0x87d02a2af891d0ec!2sMEDROPOLE+Graz!5e0!3m2!1sde!2sat!4v1557864164411!5m2!1sde!2sat\" width=\"280\" height=\"300\" frameborder=\"0\" allowfullscreen=\"allowfullscreen\"><\/iframe><\/td>\n<\/tr>\n<\/tbody>\n<\/table>\n","protected":false},"excerpt":{"rendered":"<p>Dr. med. Frank Schneider Facharzt f\u00fcr Orthop\u00e4die Privat und Wahlarzt f\u00fcr alle Kassen ORDINATION in MARIATROSTERSTR 28 8043 GRAZ gegen\u00fcber Diagnostikzentrum Graz oder im MEDROPOLE THERAPIEZENTRUM A\u20118010 Graz, Grillparzerstr.62 Zufahrt nur \u00fcber Bergmanngasse und Richard-Wagner Gasse Terminvereinbarung unter: Tel: +43 &hellip;<\/p>\n<p class=\"read-more\"> <a class=\"more-link\" href=\"https:\/\/manuelle-medizin.at\/WP3\/kontakt\/\"> <span class=\"screen-reader-text\">Kontakt<\/span> Read More &raquo;<\/a><\/p>\n","protected":false},"author":1,"featured_media":0,"parent":0,"menu_order":0,"comment_status":"closed","ping_status":"open","template":"","meta":[],"yoast_head":"<!-- This site is optimized with the Yoast SEO plugin v18.4.1 - https:\/\/yoast.com\/wordpress\/plugins\/seo\/ -->\n<title>Kontakt - Dr. med. Frank Schneider<\/title>\n<meta name=\"description\" content=\"Frank Schneider Dr. med. Frank Schneider Oberarzt Kinderorthop\u00e4die\" \/>\n<meta name=\"robots\" content=\"index, follow, max-snippet:-1, max-image-preview:large, max-video-preview:-1\" \/>\n<link rel=\"canonical\" href=\"https:\/\/manuelle-medizin.at\/WP3\/kontakt\/\" \/>\n<meta property=\"og:locale\" content=\"de_DE\" \/>\n<meta property=\"og:type\" content=\"article\" \/>\n<meta property=\"og:title\" content=\"Kontakt - Dr. med. Frank Schneider\" \/>\n<meta property=\"og:description\" content=\"Frank Schneider Dr. med. Frank Schneider Oberarzt Kinderorthop\u00e4die\" \/>\n<meta property=\"og:url\" content=\"https:\/\/manuelle-medizin.at\/WP3\/kontakt\/\" \/>\n<meta property=\"og:site_name\" content=\"Dr. med. Frank Schneider\" \/>\n<meta property=\"article:modified_time\" content=\"2024-09-21T10:06:12+00:00\" \/>\n<meta name=\"twitter:label1\" content=\"Gesch\u00e4tzte Lesezeit\" \/>\n\t<meta name=\"twitter:data1\" content=\"1\u00a0Minute\" \/>\n<script type=\"application\/ld+json\" class=\"yoast-schema-graph\">{\"@context\":\"https:\/\/schema.org\",\"@graph\":[{\"@type\":\"WebSite\",\"@id\":\"https:\/\/manuelle-medizin.at\/WP3\/#website\",\"url\":\"https:\/\/manuelle-medizin.at\/WP3\/\",\"name\":\"Dr. med. Frank Schneider\",\"description\":\"Facharzt f\u00fcr Orthop\u00e4die\",\"potentialAction\":[{\"@type\":\"SearchAction\",\"target\":{\"@type\":\"EntryPoint\",\"urlTemplate\":\"https:\/\/manuelle-medizin.at\/WP3\/?s={search_term_string}\"},\"query-input\":\"required name=search_term_string\"}],\"inLanguage\":\"de\"},{\"@type\":\"WebPage\",\"@id\":\"https:\/\/manuelle-medizin.at\/WP3\/kontakt\/#webpage\",\"url\":\"https:\/\/manuelle-medizin.at\/WP3\/kontakt\/\",\"name\":\"Kontakt - Dr. med. Frank Schneider\",\"isPartOf\":{\"@id\":\"https:\/\/manuelle-medizin.at\/WP3\/#website\"},\"datePublished\":\"2012-12-20T16:12:11+00:00\",\"dateModified\":\"2024-09-21T10:06:12+00:00\",\"description\":\"Frank Schneider Dr. med. Frank Schneider Oberarzt Kinderorthop\u00e4die\",\"breadcrumb\":{\"@id\":\"https:\/\/manuelle-medizin.at\/WP3\/kontakt\/#breadcrumb\"},\"inLanguage\":\"de\",\"potentialAction\":[{\"@type\":\"ReadAction\",\"target\":[\"https:\/\/manuelle-medizin.at\/WP3\/kontakt\/\"]}]},{\"@type\":\"BreadcrumbList\",\"@id\":\"https:\/\/manuelle-medizin.at\/WP3\/kontakt\/#breadcrumb\",\"itemListElement\":[{\"@type\":\"ListItem\",\"position\":1,\"name\":\"Startseite\",\"item\":\"https:\/\/manuelle-medizin.at\/WP3\/\"},{\"@type\":\"ListItem\",\"position\":2,\"name\":\"Kontakt\"}]}]}<\/script>\n<!-- \/ Yoast SEO plugin. -->","yoast_head_json":{"title":"Kontakt - Dr. med. Frank Schneider","description":"Frank Schneider Dr. med. Frank Schneider Oberarzt Kinderorthop\u00e4die","robots":{"index":"index","follow":"follow","max-snippet":"max-snippet:-1","max-image-preview":"max-image-preview:large","max-video-preview":"max-video-preview:-1"},"canonical":"https:\/\/manuelle-medizin.at\/WP3\/kontakt\/","og_locale":"de_DE","og_type":"article","og_title":"Kontakt - Dr. med. Frank Schneider","og_description":"Frank Schneider Dr. med. Frank Schneider Oberarzt Kinderorthop\u00e4die","og_url":"https:\/\/manuelle-medizin.at\/WP3\/kontakt\/","og_site_name":"Dr. med. Frank Schneider","article_modified_time":"2024-09-21T10:06:12+00:00","twitter_misc":{"Gesch\u00e4tzte Lesezeit":"1\u00a0Minute"},"schema":{"@context":"https:\/\/schema.org","@graph":[{"@type":"WebSite","@id":"https:\/\/manuelle-medizin.at\/WP3\/#website","url":"https:\/\/manuelle-medizin.at\/WP3\/","name":"Dr. med. Frank Schneider","description":"Facharzt f\u00fcr Orthop\u00e4die","potentialAction":[{"@type":"SearchAction","target":{"@type":"EntryPoint","urlTemplate":"https:\/\/manuelle-medizin.at\/WP3\/?s={search_term_string}"},"query-input":"required name=search_term_string"}],"inLanguage":"de"},{"@type":"WebPage","@id":"https:\/\/manuelle-medizin.at\/WP3\/kontakt\/#webpage","url":"https:\/\/manuelle-medizin.at\/WP3\/kontakt\/","name":"Kontakt - Dr. med. Frank Schneider","isPartOf":{"@id":"https:\/\/manuelle-medizin.at\/WP3\/#website"},"datePublished":"2012-12-20T16:12:11+00:00","dateModified":"2024-09-21T10:06:12+00:00","description":"Frank Schneider Dr. med. Frank Schneider Oberarzt Kinderorthop\u00e4die","breadcrumb":{"@id":"https:\/\/manuelle-medizin.at\/WP3\/kontakt\/#breadcrumb"},"inLanguage":"de","potentialAction":[{"@type":"ReadAction","target":["https:\/\/manuelle-medizin.at\/WP3\/kontakt\/"]}]},{"@type":"BreadcrumbList","@id":"https:\/\/manuelle-medizin.at\/WP3\/kontakt\/#breadcrumb","itemListElement":[{"@type":"ListItem","position":1,"name":"Startseite","item":"https:\/\/manuelle-medizin.at\/WP3\/"},{"@type":"ListItem","position":2,"name":"Kontakt"}]}]}},"_links":{"self":[{"href":"https:\/\/manuelle-medizin.at\/WP3\/wp-json\/wp\/v2\/pages\/23"}],"collection":[{"href":"https:\/\/manuelle-medizin.at\/WP3\/wp-json\/wp\/v2\/pages"}],"about":[{"href":"https:\/\/manuelle-medizin.at\/WP3\/wp-json\/wp\/v2\/types\/page"}],"author":[{"embeddable":true,"href":"https:\/\/manuelle-medizin.at\/WP3\/wp-json\/wp\/v2\/users\/1"}],"replies":[{"embeddable":true,"href":"https:\/\/manuelle-medizin.at\/WP3\/wp-json\/wp\/v2\/comments?post=23"}],"version-history":[{"count":48,"href":"https:\/\/manuelle-medizin.at\/WP3\/wp-json\/wp\/v2\/pages\/23\/revisions"}],"predecessor-version":[{"id":1394,"href":"https:\/\/manuelle-medizin.at\/WP3\/wp-json\/wp\/v2\/pages\/23\/revisions\/1394"}],"wp:attachment":[{"href":"https:\/\/manuelle-medizin.at\/WP3\/wp-json\/wp\/v2\/media?parent=23"}],"curies":[{"name":"wp","href":"https:\/\/api.w.org\/{rel}","templated":true}]}}