{"id":21,"date":"2012-12-20T16:11:45","date_gmt":"2012-12-20T16:11:45","guid":{"rendered":"http:\/\/manuelle-medizin.at\/WP3\/?page_id=21"},"modified":"2023-02-14T09:37:36","modified_gmt":"2023-02-14T09:37:36","slug":"dr-schneider","status":"publish","type":"page","link":"https:\/\/manuelle-medizin.at\/WP3\/dr-schneider\/","title":{"rendered":"Dr. Frank Schneider"},"content":{"rendered":"<h3><div class=\"su-quote su-quote-style-default\"><div class=\"su-quote-inner su-u-clearfix su-u-trim\"><span style=\"color: #993300;\">Die F\u00e4higkeit\u00a0Krankheiten\u00a0im Detail zu erkennen, ohne das Ganze aus den Augen zu verlieren, ist die\u00a0neue Herausforderung\u00a0der modernen Medizin<\/span> <\/div><\/div>\nSpezialgebiete:<\/h3>\n<ul>\n<li>Konservative und operative Kinderorthop\u00e4die,<\/li>\n<li>Konservative Orthop\u00e4die und Schmerztherapie bei Erwachsenen<\/li>\n<li>Komplement\u00e4re Methoden (Akupunktur, Osteopathie, Chiropraxis, Atlastherapie, Kinesio-Taping, Infiltrationen)<\/li>\n<li>Arthroskopische Chirurgie, Kindertraumatologie<\/li>\n<\/ul>\n<h5>Zusatzausbildungen:<\/h5>\n<ul>\n<li><img loading=\"lazy\" class=\"alignleft size-medium wp-image-220\" src=\"https:\/\/manuelle-medizin.at\/WP3\/wp-content\/uploads\/2013\/09\/059-212x300.jpg\" alt=\"059\" width=\"212\" height=\"300\" srcset=\"https:\/\/manuelle-medizin.at\/WP3\/wp-content\/uploads\/2013\/09\/059-212x300.jpg 212w, https:\/\/manuelle-medizin.at\/WP3\/wp-content\/uploads\/2013\/09\/059-724x1024.jpg 724w\" sizes=\"(max-width: 212px) 100vw, 212px\" \/>\u00d6AK Diplom Komplement\u00e4re Medizin: <strong>Manuelle Medizin<\/strong> \u00d6AMM<\/li>\n<li>Zertifikat\u00a0<strong>Osteopathische\u00a0Medizin<\/strong> der DAAO (Deutsch-Amerikanische Akademie f\u00fcr Osteopathie)<\/li>\n<li>Diplom <strong>Atlastherapie<\/strong> der AEGAMK (\u00c4rztegesellschaft f\u00fcr Atlastherapie und Manuelle Kinderbehandlung)<\/li>\n<li>Diplom <strong>Manuelle Kinderbehandlung<\/strong> der IMMET(Intergrierte\u00a0Manualmedizinische Entwicklungstherapie)<\/li>\n<li><strong>Japanische Akupunktur<\/strong> &#8211; die funktionelle Leitbahndiagnostik (nach\u00a0Mukaino\/K\u00f6lblinger)<\/li>\n<li><strong>Activator Methods International<\/strong>&#8211;\u00a0Advanced Level\/Instructor<\/li>\n<li><strong>Ohrakupunktur<\/strong>&#8211; Bewegungsapparat<\/li>\n<li>\u00d6AK Diplom <strong>Akupunktur<\/strong><\/li>\n<\/ul>\n<h5>\u00c4rztliche T\u00e4tigkeit:<\/h5>\n<ul>\n<li><strong>Rheumatologie<\/strong> in der Rheumaklinik Bad Rappenau (D)<\/li>\n<li><strong>Unfallchirurgie<\/strong> im Krankenhaus Bietigheim der Kliniken Ludwigsburg-Bietigheim (D)<\/li>\n<li><strong>Orthop\u00e4die<\/strong> in der Orthop\u00e4dischen Klinik Markgr\u00f6ningen (D)<\/li>\n<li><strong>Orthop\u00e4die<\/strong> am Orthop\u00e4dischen Landeskrankenhaus Stolzalpe<\/li>\n<li><strong>Kinderorthop\u00e4die<\/strong> an der Univ.-Klinik f\u00fcr Kinderchirurgie Graz (Abteilung f\u00fcr\u00a0Kinderorthop\u00e4die\u00a0in Graz)<\/li>\n<\/ul>\n<h5>Publikationen:<\/h5>\n<ul>\n<li>Schneider F. Sprunggelenk. In v.\u00a0Laer\u00a0(Hrsg.) Das verletzte Kind. Thieme Verlag 2007,15:97-101<\/li>\n<li>Schneider F,\u00a0Linhart\u00a0WE.\u00a0Epiphyseolysis\u00a0capitis\u00a0femoris.\u00a0In Weinberg AM ,\u00a0Tscherne\u00a0Hrsg.) Unfallchirurgie im Kindesalter. Springer Verlag 2006: 626-633<\/li>\n<li>Schneider F.\u00a0Osteochondrosen\u00a0im Kindesalter. In Weinberg AM ,\u00a0Tscherne\u00a0(Hrsg.) Unfallchirurgie im Kindesalter. Springer Verlag 2006: 994-1021<\/li>\n<li>Saraph\u00a0V,\u00a0Zwick\u00a0EB,\u00a0Auner\u00a0C, Schneider F,\u00a0Steinwender\u00a0G,\u00a0Linhart\u00a0W. Gait improvement surgery in\u00a0diplegic\u00a0children: how long do the improvements last?\u00a0J\u00a0Pediatr\u00a0Orthop.\u00a02005 May-Jun;25(3):263-7.<\/li>\n<li>Saraph\u00a0V,\u00a0Zwick\u00a0EB,\u00a0Steinwender\u00a0G,\u00a0Auner\u00a0C, Schneider F,\u00a0Linhart\u00a0W. Leg lengthening as part of gait improvement surgery in cerebral palsy: an evaluation using gait analysis.\u00a0Gait\u00a0Posture. 2006 Jan;23(1):83-90.\u00a0Epub\u00a02005 Jan 7.<\/li>\n<li>Weinberg AM, Schneider F.\u00a0Osteochondrale\u00a0Frakturen bei\u00a0Patellaluxation. In Weinberg AM,\u00a0Tscherne\u00a0(Hrsg.) Unfallchirurgie im Kindesalter. Springer Verlag 2006: 731-740<\/li>\n<li>Linhart\u00a0WE, Schneider FJ.\u00a0Glenohumeralgelenk. In\u00a0Marzi\u00a0I:\u00a0Kindertraumatologie\u00a02006 Steinkopf Verlag 11:132-138<\/li>\n<li>Linhart\u00a0WE, Schneider FJ. Oberarm. In\u00a0Marzi\u00a0I:\u00a0Kindertraumatologie\u00a02006 Steinkopf Verlag 12:139-150<\/li>\n<li>Ivanic\u00a0GM, Pink PT, Schneider F,\u00a0Stuecker\u00a0M, Homann NC,\u00a0Preidler\u00a0KW.\u00a0Prevention of epidural scarring after\u00a0microdiscectomy: a randomized clinical trial comparing gel and expanded\u00a0polytetrafluoroethylene\u00a0membrane.\u00a0Eur\u00a0Spine J. 2006 Sep;15(9):1360-6.\u00a0Epub\u00a02006 Jun 9.<\/li>\n<li>Ivanic\u00a0GM, Pink PT, Ziegler S, Harter B, Schneider F,\u00a0Plattner\u00a0F,\u00a0Homann\u00a0NC.[Mid-term outcome after fusion due to\u00a0isthmic\u00a0spondylolysis] [Article in German]\u00a0Wien\u00a0Med\u00a0Wochenschr.\u00a02007 Jan;157(1-2):16-20.<\/li>\n<li>Schneider FJ, Kraus T,\u00a0Linhart\u00a0WE: Vorderer Kreuzbandersatz mit der\u00a0Semitendinosussehne\u00a0bei Kindern. Operat\u00a0Orthop\u00a0Traumatol\u00a02008:Nr4\/5:409-422<\/li>\n<li>Schneider FJ,\u00a0Thumfart\u00a0A,\u00a0Linhart\u00a0WE: Behandlung der\u00a0Patellaluxation\u00a0im Kindesalter: Weichteilige Medialisierung der\u00a0Patellasehnenansatzes.\u00a0Arthroskopie\u00a02009 Feb 22:60-67<\/li>\n<li>Schneider FJ, Kozamara A., MTD- Leitlinien der Steierm\u00e4rkischen KAGES f\u00fcr Physiotherapie in der Behandlung orthop\u00e4discher Krankheitsbilder. Intranet KAGES 2010.<\/li>\n<li>Kraus, T; Heidari, N; Svehlik, M; Schneider, F; Sperl, M; Linhart, W. Outcome of repaired unstable meniscal tears in children and adolescents. Acta Orthop. June 2012, Vol. 83, No. 3 , Pages 261-266<\/li>\n<li>Kraus, T; Lidder, S; Svehl\u00edk, M; Rippel, K; Schneider, F; Eberl, R; Linhart, W. Patella re-alignment in children with a modified Grammont technique.\u00a0 Acta Orthop. 2012; 83(5):504-510<\/li>\n<li>Schneider, F.J.; Linhart, W.E.\u00a0\u00a0Posttraumatische Komplikationen am kindlichen Sprunggelenk. <cite>Der Orthop\u00e4de<\/cite> vol. 42 issue 8 August 2013. p. 665 &#8211; 678<\/li>\n<li>Schneider, F; Sperl, M; Steinwender, G; Kraus, T. Kindliche Kniebinnenverletzungen, [Pediatric knee injuries]. Der Orthop\u00e4de. 2014; 43(4):393-401:<\/li>\n<\/ul>\n","protected":false},"excerpt":{"rendered":"<p>Spezialgebiete: Konservative und operative Kinderorthop\u00e4die, Konservative Orthop\u00e4die und Schmerztherapie bei Erwachsenen Komplement\u00e4re Methoden (Akupunktur, Osteopathie, Chiropraxis, Atlastherapie, Kinesio-Taping, Infiltrationen) Arthroskopische Chirurgie, Kindertraumatologie Zusatzausbildungen: \u00d6AK Diplom Komplement\u00e4re Medizin: Manuelle Medizin \u00d6AMM Zertifikat\u00a0Osteopathische\u00a0Medizin der DAAO (Deutsch-Amerikanische Akademie f\u00fcr Osteopathie) Diplom Atlastherapie der &hellip;<\/p>\n<p class=\"read-more\"> <a class=\"more-link\" href=\"https:\/\/manuelle-medizin.at\/WP3\/dr-schneider\/\"> <span class=\"screen-reader-text\">Dr. Frank Schneider<\/span> Read More &raquo;<\/a><\/p>\n","protected":false},"author":1,"featured_media":0,"parent":0,"menu_order":0,"comment_status":"closed","ping_status":"open","template":"","meta":[],"yoast_head":"<!-- This site is optimized with the Yoast SEO plugin v18.4.1 - https:\/\/yoast.com\/wordpress\/plugins\/seo\/ -->\n<title>Dr. Frank Schneider - Dr. med. Frank Schneider<\/title>\n<meta name=\"description\" content=\"dr. schneider frank orthop\u00e4die kinderorthop\u00e4die atlastherapie japanischen akupunktur\" \/>\n<meta name=\"robots\" content=\"index, follow, max-snippet:-1, max-image-preview:large, max-video-preview:-1\" \/>\n<link rel=\"canonical\" href=\"https:\/\/manuelle-medizin.at\/WP3\/dr-schneider\/\" \/>\n<meta property=\"og:locale\" content=\"de_DE\" \/>\n<meta property=\"og:type\" content=\"article\" \/>\n<meta property=\"og:title\" content=\"Dr. Frank Schneider - Dr. med. Frank Schneider\" \/>\n<meta property=\"og:description\" content=\"dr. schneider frank orthop\u00e4die kinderorthop\u00e4die atlastherapie japanischen akupunktur\" \/>\n<meta property=\"og:url\" content=\"https:\/\/manuelle-medizin.at\/WP3\/dr-schneider\/\" \/>\n<meta property=\"og:site_name\" content=\"Dr. med. Frank Schneider\" \/>\n<meta property=\"article:modified_time\" content=\"2023-02-14T09:37:36+00:00\" \/>\n<meta property=\"og:image\" content=\"https:\/\/manuelle-medizin.at\/WP3\/wp-content\/uploads\/2013\/09\/059-212x300.jpg\" \/>\n<meta name=\"twitter:label1\" content=\"Gesch\u00e4tzte Lesezeit\" \/>\n\t<meta name=\"twitter:data1\" content=\"4\u00a0Minuten\" \/>\n<script type=\"application\/ld+json\" class=\"yoast-schema-graph\">{\"@context\":\"https:\/\/schema.org\",\"@graph\":[{\"@type\":\"WebSite\",\"@id\":\"https:\/\/manuelle-medizin.at\/WP3\/#website\",\"url\":\"https:\/\/manuelle-medizin.at\/WP3\/\",\"name\":\"Dr. med. Frank Schneider\",\"description\":\"Facharzt f\u00fcr Orthop\u00e4die\",\"potentialAction\":[{\"@type\":\"SearchAction\",\"target\":{\"@type\":\"EntryPoint\",\"urlTemplate\":\"https:\/\/manuelle-medizin.at\/WP3\/?s={search_term_string}\"},\"query-input\":\"required name=search_term_string\"}],\"inLanguage\":\"de\"},{\"@type\":\"ImageObject\",\"@id\":\"https:\/\/manuelle-medizin.at\/WP3\/dr-schneider\/#primaryimage\",\"inLanguage\":\"de\",\"url\":\"https:\/\/manuelle-medizin.at\/WP3\/wp-content\/uploads\/2013\/09\/059.jpg\",\"contentUrl\":\"https:\/\/manuelle-medizin.at\/WP3\/wp-content\/uploads\/2013\/09\/059.jpg\",\"width\":2314,\"height\":3270},{\"@type\":\"WebPage\",\"@id\":\"https:\/\/manuelle-medizin.at\/WP3\/dr-schneider\/#webpage\",\"url\":\"https:\/\/manuelle-medizin.at\/WP3\/dr-schneider\/\",\"name\":\"Dr. Frank Schneider - Dr. med. Frank Schneider\",\"isPartOf\":{\"@id\":\"https:\/\/manuelle-medizin.at\/WP3\/#website\"},\"primaryImageOfPage\":{\"@id\":\"https:\/\/manuelle-medizin.at\/WP3\/dr-schneider\/#primaryimage\"},\"datePublished\":\"2012-12-20T16:11:45+00:00\",\"dateModified\":\"2023-02-14T09:37:36+00:00\",\"description\":\"dr. schneider frank orthop\u00e4die kinderorthop\u00e4die atlastherapie japanischen akupunktur\",\"breadcrumb\":{\"@id\":\"https:\/\/manuelle-medizin.at\/WP3\/dr-schneider\/#breadcrumb\"},\"inLanguage\":\"de\",\"potentialAction\":[{\"@type\":\"ReadAction\",\"target\":[\"https:\/\/manuelle-medizin.at\/WP3\/dr-schneider\/\"]}]},{\"@type\":\"BreadcrumbList\",\"@id\":\"https:\/\/manuelle-medizin.at\/WP3\/dr-schneider\/#breadcrumb\",\"itemListElement\":[{\"@type\":\"ListItem\",\"position\":1,\"name\":\"Startseite\",\"item\":\"https:\/\/manuelle-medizin.at\/WP3\/\"},{\"@type\":\"ListItem\",\"position\":2,\"name\":\"Dr. Frank Schneider\"}]}]}<\/script>\n<!-- \/ Yoast SEO plugin. -->","yoast_head_json":{"title":"Dr. Frank Schneider - Dr. med. Frank Schneider","description":"dr. schneider frank orthop\u00e4die kinderorthop\u00e4die atlastherapie japanischen akupunktur","robots":{"index":"index","follow":"follow","max-snippet":"max-snippet:-1","max-image-preview":"max-image-preview:large","max-video-preview":"max-video-preview:-1"},"canonical":"https:\/\/manuelle-medizin.at\/WP3\/dr-schneider\/","og_locale":"de_DE","og_type":"article","og_title":"Dr. Frank Schneider - Dr. med. Frank Schneider","og_description":"dr. schneider frank orthop\u00e4die kinderorthop\u00e4die atlastherapie japanischen akupunktur","og_url":"https:\/\/manuelle-medizin.at\/WP3\/dr-schneider\/","og_site_name":"Dr. med. Frank Schneider","article_modified_time":"2023-02-14T09:37:36+00:00","og_image":[{"url":"https:\/\/manuelle-medizin.at\/WP3\/wp-content\/uploads\/2013\/09\/059-212x300.jpg"}],"twitter_misc":{"Gesch\u00e4tzte Lesezeit":"4\u00a0Minuten"},"schema":{"@context":"https:\/\/schema.org","@graph":[{"@type":"WebSite","@id":"https:\/\/manuelle-medizin.at\/WP3\/#website","url":"https:\/\/manuelle-medizin.at\/WP3\/","name":"Dr. med. Frank Schneider","description":"Facharzt f\u00fcr Orthop\u00e4die","potentialAction":[{"@type":"SearchAction","target":{"@type":"EntryPoint","urlTemplate":"https:\/\/manuelle-medizin.at\/WP3\/?s={search_term_string}"},"query-input":"required name=search_term_string"}],"inLanguage":"de"},{"@type":"ImageObject","@id":"https:\/\/manuelle-medizin.at\/WP3\/dr-schneider\/#primaryimage","inLanguage":"de","url":"https:\/\/manuelle-medizin.at\/WP3\/wp-content\/uploads\/2013\/09\/059.jpg","contentUrl":"https:\/\/manuelle-medizin.at\/WP3\/wp-content\/uploads\/2013\/09\/059.jpg","width":2314,"height":3270},{"@type":"WebPage","@id":"https:\/\/manuelle-medizin.at\/WP3\/dr-schneider\/#webpage","url":"https:\/\/manuelle-medizin.at\/WP3\/dr-schneider\/","name":"Dr. Frank Schneider - Dr. med. Frank Schneider","isPartOf":{"@id":"https:\/\/manuelle-medizin.at\/WP3\/#website"},"primaryImageOfPage":{"@id":"https:\/\/manuelle-medizin.at\/WP3\/dr-schneider\/#primaryimage"},"datePublished":"2012-12-20T16:11:45+00:00","dateModified":"2023-02-14T09:37:36+00:00","description":"dr. schneider frank orthop\u00e4die kinderorthop\u00e4die atlastherapie japanischen akupunktur","breadcrumb":{"@id":"https:\/\/manuelle-medizin.at\/WP3\/dr-schneider\/#breadcrumb"},"inLanguage":"de","potentialAction":[{"@type":"ReadAction","target":["https:\/\/manuelle-medizin.at\/WP3\/dr-schneider\/"]}]},{"@type":"BreadcrumbList","@id":"https:\/\/manuelle-medizin.at\/WP3\/dr-schneider\/#breadcrumb","itemListElement":[{"@type":"ListItem","position":1,"name":"Startseite","item":"https:\/\/manuelle-medizin.at\/WP3\/"},{"@type":"ListItem","position":2,"name":"Dr. Frank Schneider"}]}]}},"_links":{"self":[{"href":"https:\/\/manuelle-medizin.at\/WP3\/wp-json\/wp\/v2\/pages\/21"}],"collection":[{"href":"https:\/\/manuelle-medizin.at\/WP3\/wp-json\/wp\/v2\/pages"}],"about":[{"href":"https:\/\/manuelle-medizin.at\/WP3\/wp-json\/wp\/v2\/types\/page"}],"author":[{"embeddable":true,"href":"https:\/\/manuelle-medizin.at\/WP3\/wp-json\/wp\/v2\/users\/1"}],"replies":[{"embeddable":true,"href":"https:\/\/manuelle-medizin.at\/WP3\/wp-json\/wp\/v2\/comments?post=21"}],"version-history":[{"count":48,"href":"https:\/\/manuelle-medizin.at\/WP3\/wp-json\/wp\/v2\/pages\/21\/revisions"}],"predecessor-version":[{"id":1255,"href":"https:\/\/manuelle-medizin.at\/WP3\/wp-json\/wp\/v2\/pages\/21\/revisions\/1255"}],"wp:attachment":[{"href":"https:\/\/manuelle-medizin.at\/WP3\/wp-json\/wp\/v2\/media?parent=21"}],"curies":[{"name":"wp","href":"https:\/\/api.w.org\/{rel}","templated":true}]}}