{"id":11,"date":"2012-12-20T16:07:28","date_gmt":"2012-12-20T16:07:28","guid":{"rendered":"http:\/\/manuelle-medizin.at\/WP3\/?page_id=11"},"modified":"2020-06-24T07:47:14","modified_gmt":"2020-06-24T07:47:14","slug":"kinderorthopadie","status":"publish","type":"page","link":"https:\/\/manuelle-medizin.at\/WP3\/kinderorthopadie\/","title":{"rendered":"Kinder"},"content":{"rendered":"<h3><div class=\"su-quote su-quote-style-default su-quote-has-cite\"><div class=\"su-quote-inner su-u-clearfix su-u-trim\"><span style=\"color: #993300;\">To find health\u00a0should be the object of the doctor. Anyone can find disease.<\/span><span class=\"su-quote-cite\">Andrew Taylor Still<\/span><\/div><\/div><\/h3>\n<h5>Funktionelle Bewegungsst\u00f6rungen<\/h5>\n<ul>\n<li style=\"list-style-type: none;\">\n<ul>\n<li><a title=\"Tonusasymmetriesyndrom (TAS), KISS-Syndrom, KIDD Syndrom\" href=\"https:\/\/manuelle-medizin.at\/WP3\/tonusasymmetriesyndrom-tas-kiss-syndrom\/\">S\u00e4uglinge mit Bewegungsst\u00f6rungen (KISS, TAS, Schr\u00e4glage, Schiefhals, Plexusl\u00e4hmung)<\/a><\/li>\n<li><a title=\"Schwindel und Kopfschmerz\" href=\"https:\/\/manuelle-medizin.at\/WP3\/schwindel-kopfschmerz\/\">Kindlicher Kopf- Wirbels\u00e4ulenschmerz<\/a><\/li>\n<li><a title=\"Haltungsprobleme und R\u00fcckenschmerzen bei Kindern\" href=\"https:\/\/manuelle-medizin.at\/WP3\/haltungsprobleme-und-ruckenschmerzen-bei-kindern\/\">Haltungsschw\u00e4che<\/a><\/li>\n<li>Skoliose\/Skoliotische Haltung<img loading=\"lazy\" class=\" wp-image-308 alignright\" src=\"https:\/\/manuelle-medizin.at\/WP3\/wp-content\/uploads\/2012\/12\/DSC4691_small-300x280.jpg\" alt=\"DSC4691_small\" width=\"240\" height=\"224\" srcset=\"https:\/\/manuelle-medizin.at\/WP3\/wp-content\/uploads\/2012\/12\/DSC4691_small-300x280.jpg 300w, https:\/\/manuelle-medizin.at\/WP3\/wp-content\/uploads\/2012\/12\/DSC4691_small.jpg 800w\" sizes=\"(max-width: 240px) 100vw, 240px\" \/><\/li>\n<li>Motorische Entwicklungsverz\u00f6gerung<\/li>\n<li>AHDS<\/li>\n<\/ul>\n<\/li>\n<\/ul>\n<h5><strong>Sportmedizin bei Kindern und Jugendlichen<\/strong><\/h5>\n<ul>\n<li><a title=\"Arthroskopische Gelenkschirurgie\" href=\"https:\/\/manuelle-medizin.at\/WP3\/arthroskopische-gelenkschirurgie\/\">Arthroskopie\u00a0der Kleinen und gro\u00dfen Gelenke<\/a><\/li>\n<li>Bandrekonstrukruktionen\u00a0(<a title=\"Die vordere Kreuzbandruptur (VKB-ruptur) beim Kind, Jugendlichen und Erwachsenen\" href=\"https:\/\/manuelle-medizin.at\/WP3\/die-vordere-kreuzbandruptur-vkb-ruptur-beim-jugendlichen-und-jungen-erwachsenen\/\">Kreuzbandruptur<\/a>, <a title=\"Operative Behandlung der Patellaluxation\" href=\"https:\/\/manuelle-medizin.at\/WP3\/operative-behandlung-der-patellaluxation\/\">MPFL Ersatzplastik<\/a>, \u00a0Schulterluxation,\u00a0Aussenbandruptur\u00a0am Sprunggelenk)<\/li>\n<li><a title=\"Osteochondrosis dissecans \/ Knorpelschaden am Gelenk\" href=\"https:\/\/manuelle-medizin.at\/WP3\/osteochondrosis-dissecans\/\">Osteochondrosis\u00a0dissecans<\/a><\/li>\n<li><a title=\"Operative Behandlung der Patellaluxation\" href=\"https:\/\/manuelle-medizin.at\/WP3\/operative-behandlung-der-patellaluxation\/\">Behandlung der akuten und chronischen Patellaluxation<\/a><\/li>\n<li>Sportverletzungen<\/li>\n<li><a title=\"\u00dcberlastungssch\u00e4den bei Kindern und Jugendlichen\" href=\"https:\/\/manuelle-medizin.at\/WP3\/uberlastungsschaden-bei-kindern-und-jugendlichen\/\">\u00dcberlastungssch\u00e4den<\/a><\/li>\n<\/ul>\n<h5><strong>Allgemeine Kinderorthop\u00e4die<\/strong><\/h5>\n<ul>\n<li>Varianten und Fehler in der Entwicklung des Bewegungsapparats<\/li>\n<li><a title=\"Krumme Beine (X-Beine, O-Beine)\" href=\"https:\/\/manuelle-medizin.at\/WP3\/krumme-beine-x-beine-o-beine\/\">Beurteilung und Behandlung von Achsenabweichungen (O-Beine, X-Beine)<\/a><\/li>\n<li><a href=\"https:\/\/manuelle-medizin.at\/WP3\/krumme-beine-x-beine-o-beine\/\">Operative Wachstumslenkung (8-Plate)<\/a><\/li>\n<li>Beurteilung und Behandlung von gutartigen Knochenver\u00e4nderungen (Zysten, Exostosen, Enchondrom)<\/li>\n<li><a title=\"Haltungsprobleme und R\u00fcckenschmerzen bei Kindern\" href=\"https:\/\/manuelle-medizin.at\/WP3\/haltungsprobleme-und-ruckenschmerzen-bei-kindern\/\">Fehlhaltungen<\/a><\/li>\n<li><a title=\"Haltungsprobleme und R\u00fcckenschmerzen bei Kindern\" href=\"https:\/\/manuelle-medizin.at\/WP3\/trichterst-kielbrust\/\">Trichterbrust,Kielbrust<img loading=\"lazy\" class=\"size-medium wp-image-248 alignright\" src=\"https:\/\/manuelle-medizin.at\/WP3\/wp-content\/uploads\/2013\/09\/Gang-196x300.png\" alt=\"Gang\" width=\"255\" height=\"373\" \/><\/a><\/li>\n<li>Skoliose<\/li>\n<li>Motorische Entwicklungsdiagnostik<\/li>\n<li>Prophylaxe von entwicklungsbedingten St\u00f6rungen<\/li>\n<li>Schuheinlagen, Korsett, Mieder<\/li>\n<\/ul>\n<h5><strong>Neuroorthop\u00e4die<\/strong><\/h5>\n<ul>\n<li>Spastische Zerebralparese<\/li>\n<li>Angeborene und erworbene St\u00f6rungen der Entwicklung<\/li>\n<li>Orthesen-\u00a0und\u00a0Schienenversorgung<\/li>\n<li><a title=\"Chiropraxis \/ Manuelle Medizin \/ Osteopathie\" href=\"https:\/\/manuelle-medizin.at\/WP3\/chiropraxis-manuelle-medizin-manipulative-techniken-der-osteopathie-instrumentelle-chirotherapie\/\">Manuelle Medizin, Osteopathie und Atlastherapie<\/a><\/li>\n<\/ul>\n<h5><strong>Kinderrheuma<\/strong><\/h5>\n<ul>\n<li>Borreliose<\/li>\n<li>Juvenile\u00a0Oligoarthritis<\/li>\n<li>Reaktive Arthritis<\/li>\n<\/ul>\n","protected":false},"excerpt":{"rendered":"<p>Funktionelle Bewegungsst\u00f6rungen S\u00e4uglinge mit Bewegungsst\u00f6rungen (KISS, TAS, Schr\u00e4glage, Schiefhals, Plexusl\u00e4hmung) Kindlicher Kopf- Wirbels\u00e4ulenschmerz Haltungsschw\u00e4che Skoliose\/Skoliotische Haltung Motorische Entwicklungsverz\u00f6gerung AHDS Sportmedizin bei Kindern und Jugendlichen Arthroskopie\u00a0der Kleinen und gro\u00dfen Gelenke Bandrekonstrukruktionen\u00a0(Kreuzbandruptur, MPFL Ersatzplastik, \u00a0Schulterluxation,\u00a0Aussenbandruptur\u00a0am Sprunggelenk) Osteochondrosis\u00a0dissecans Behandlung der akuten und chronischen &hellip;<\/p>\n<p class=\"read-more\"> <a class=\"more-link\" href=\"https:\/\/manuelle-medizin.at\/WP3\/kinderorthopadie\/\"> <span class=\"screen-reader-text\">Kinder<\/span> Read More &raquo;<\/a><\/p>\n","protected":false},"author":1,"featured_media":0,"parent":0,"menu_order":0,"comment_status":"closed","ping_status":"open","template":"","meta":[],"yoast_head":"<!-- This site is optimized with the Yoast SEO plugin v18.4.1 - https:\/\/yoast.com\/wordpress\/plugins\/seo\/ -->\n<title>Kinder - Dr. med. Frank Schneider<\/title>\n<meta name=\"description\" content=\"Kinderorthop\u00e4die Skoliose Fehlhaltungen Schuheinlagen Schienenversorgung Manuelle Medizin Borreliose Beinl\u00e4ngendifferenz Wachstum\" \/>\n<meta name=\"robots\" content=\"index, follow, max-snippet:-1, max-image-preview:large, max-video-preview:-1\" \/>\n<link rel=\"canonical\" href=\"https:\/\/manuelle-medizin.at\/WP3\/kinderorthopadie\/\" \/>\n<meta property=\"og:locale\" content=\"de_DE\" \/>\n<meta property=\"og:type\" content=\"article\" \/>\n<meta property=\"og:title\" content=\"Kinder - Dr. med. Frank Schneider\" \/>\n<meta property=\"og:description\" content=\"Kinderorthop\u00e4die Skoliose Fehlhaltungen Schuheinlagen Schienenversorgung Manuelle Medizin Borreliose Beinl\u00e4ngendifferenz Wachstum\" \/>\n<meta property=\"og:url\" content=\"https:\/\/manuelle-medizin.at\/WP3\/kinderorthopadie\/\" \/>\n<meta property=\"og:site_name\" content=\"Dr. med. Frank Schneider\" \/>\n<meta property=\"article:modified_time\" content=\"2020-06-24T07:47:14+00:00\" \/>\n<meta property=\"og:image\" content=\"https:\/\/manuelle-medizin.at\/WP3\/wp-content\/uploads\/2012\/12\/DSC4691_small-300x280.jpg\" \/>\n<meta name=\"twitter:label1\" content=\"Gesch\u00e4tzte Lesezeit\" \/>\n\t<meta name=\"twitter:data1\" content=\"1\u00a0Minute\" \/>\n<script type=\"application\/ld+json\" class=\"yoast-schema-graph\">{\"@context\":\"https:\/\/schema.org\",\"@graph\":[{\"@type\":\"WebSite\",\"@id\":\"https:\/\/manuelle-medizin.at\/WP3\/#website\",\"url\":\"https:\/\/manuelle-medizin.at\/WP3\/\",\"name\":\"Dr. med. Frank Schneider\",\"description\":\"Facharzt f\u00fcr Orthop\u00e4die\",\"potentialAction\":[{\"@type\":\"SearchAction\",\"target\":{\"@type\":\"EntryPoint\",\"urlTemplate\":\"https:\/\/manuelle-medizin.at\/WP3\/?s={search_term_string}\"},\"query-input\":\"required name=search_term_string\"}],\"inLanguage\":\"de\"},{\"@type\":\"ImageObject\",\"@id\":\"https:\/\/manuelle-medizin.at\/WP3\/kinderorthopadie\/#primaryimage\",\"inLanguage\":\"de\",\"url\":\"https:\/\/manuelle-medizin.at\/WP3\/wp-content\/uploads\/2012\/12\/DSC4691_small.jpg\",\"contentUrl\":\"https:\/\/manuelle-medizin.at\/WP3\/wp-content\/uploads\/2012\/12\/DSC4691_small.jpg\",\"width\":800,\"height\":749},{\"@type\":\"WebPage\",\"@id\":\"https:\/\/manuelle-medizin.at\/WP3\/kinderorthopadie\/#webpage\",\"url\":\"https:\/\/manuelle-medizin.at\/WP3\/kinderorthopadie\/\",\"name\":\"Kinder - Dr. med. Frank Schneider\",\"isPartOf\":{\"@id\":\"https:\/\/manuelle-medizin.at\/WP3\/#website\"},\"primaryImageOfPage\":{\"@id\":\"https:\/\/manuelle-medizin.at\/WP3\/kinderorthopadie\/#primaryimage\"},\"datePublished\":\"2012-12-20T16:07:28+00:00\",\"dateModified\":\"2020-06-24T07:47:14+00:00\",\"description\":\"Kinderorthop\u00e4die Skoliose Fehlhaltungen Schuheinlagen Schienenversorgung Manuelle Medizin Borreliose Beinl\u00e4ngendifferenz Wachstum\",\"breadcrumb\":{\"@id\":\"https:\/\/manuelle-medizin.at\/WP3\/kinderorthopadie\/#breadcrumb\"},\"inLanguage\":\"de\",\"potentialAction\":[{\"@type\":\"ReadAction\",\"target\":[\"https:\/\/manuelle-medizin.at\/WP3\/kinderorthopadie\/\"]}]},{\"@type\":\"BreadcrumbList\",\"@id\":\"https:\/\/manuelle-medizin.at\/WP3\/kinderorthopadie\/#breadcrumb\",\"itemListElement\":[{\"@type\":\"ListItem\",\"position\":1,\"name\":\"Startseite\",\"item\":\"https:\/\/manuelle-medizin.at\/WP3\/\"},{\"@type\":\"ListItem\",\"position\":2,\"name\":\"Kinder\"}]}]}<\/script>\n<!-- \/ Yoast SEO plugin. -->","yoast_head_json":{"title":"Kinder - Dr. med. Frank Schneider","description":"Kinderorthop\u00e4die Skoliose Fehlhaltungen Schuheinlagen Schienenversorgung Manuelle Medizin Borreliose Beinl\u00e4ngendifferenz Wachstum","robots":{"index":"index","follow":"follow","max-snippet":"max-snippet:-1","max-image-preview":"max-image-preview:large","max-video-preview":"max-video-preview:-1"},"canonical":"https:\/\/manuelle-medizin.at\/WP3\/kinderorthopadie\/","og_locale":"de_DE","og_type":"article","og_title":"Kinder - Dr. med. Frank Schneider","og_description":"Kinderorthop\u00e4die Skoliose Fehlhaltungen Schuheinlagen Schienenversorgung Manuelle Medizin Borreliose Beinl\u00e4ngendifferenz Wachstum","og_url":"https:\/\/manuelle-medizin.at\/WP3\/kinderorthopadie\/","og_site_name":"Dr. med. Frank Schneider","article_modified_time":"2020-06-24T07:47:14+00:00","og_image":[{"url":"https:\/\/manuelle-medizin.at\/WP3\/wp-content\/uploads\/2012\/12\/DSC4691_small-300x280.jpg"}],"twitter_misc":{"Gesch\u00e4tzte Lesezeit":"1\u00a0Minute"},"schema":{"@context":"https:\/\/schema.org","@graph":[{"@type":"WebSite","@id":"https:\/\/manuelle-medizin.at\/WP3\/#website","url":"https:\/\/manuelle-medizin.at\/WP3\/","name":"Dr. med. Frank Schneider","description":"Facharzt f\u00fcr Orthop\u00e4die","potentialAction":[{"@type":"SearchAction","target":{"@type":"EntryPoint","urlTemplate":"https:\/\/manuelle-medizin.at\/WP3\/?s={search_term_string}"},"query-input":"required name=search_term_string"}],"inLanguage":"de"},{"@type":"ImageObject","@id":"https:\/\/manuelle-medizin.at\/WP3\/kinderorthopadie\/#primaryimage","inLanguage":"de","url":"https:\/\/manuelle-medizin.at\/WP3\/wp-content\/uploads\/2012\/12\/DSC4691_small.jpg","contentUrl":"https:\/\/manuelle-medizin.at\/WP3\/wp-content\/uploads\/2012\/12\/DSC4691_small.jpg","width":800,"height":749},{"@type":"WebPage","@id":"https:\/\/manuelle-medizin.at\/WP3\/kinderorthopadie\/#webpage","url":"https:\/\/manuelle-medizin.at\/WP3\/kinderorthopadie\/","name":"Kinder - Dr. med. Frank Schneider","isPartOf":{"@id":"https:\/\/manuelle-medizin.at\/WP3\/#website"},"primaryImageOfPage":{"@id":"https:\/\/manuelle-medizin.at\/WP3\/kinderorthopadie\/#primaryimage"},"datePublished":"2012-12-20T16:07:28+00:00","dateModified":"2020-06-24T07:47:14+00:00","description":"Kinderorthop\u00e4die Skoliose Fehlhaltungen Schuheinlagen Schienenversorgung Manuelle Medizin Borreliose Beinl\u00e4ngendifferenz Wachstum","breadcrumb":{"@id":"https:\/\/manuelle-medizin.at\/WP3\/kinderorthopadie\/#breadcrumb"},"inLanguage":"de","potentialAction":[{"@type":"ReadAction","target":["https:\/\/manuelle-medizin.at\/WP3\/kinderorthopadie\/"]}]},{"@type":"BreadcrumbList","@id":"https:\/\/manuelle-medizin.at\/WP3\/kinderorthopadie\/#breadcrumb","itemListElement":[{"@type":"ListItem","position":1,"name":"Startseite","item":"https:\/\/manuelle-medizin.at\/WP3\/"},{"@type":"ListItem","position":2,"name":"Kinder"}]}]}},"_links":{"self":[{"href":"https:\/\/manuelle-medizin.at\/WP3\/wp-json\/wp\/v2\/pages\/11"}],"collection":[{"href":"https:\/\/manuelle-medizin.at\/WP3\/wp-json\/wp\/v2\/pages"}],"about":[{"href":"https:\/\/manuelle-medizin.at\/WP3\/wp-json\/wp\/v2\/types\/page"}],"author":[{"embeddable":true,"href":"https:\/\/manuelle-medizin.at\/WP3\/wp-json\/wp\/v2\/users\/1"}],"replies":[{"embeddable":true,"href":"https:\/\/manuelle-medizin.at\/WP3\/wp-json\/wp\/v2\/comments?post=11"}],"version-history":[{"count":48,"href":"https:\/\/manuelle-medizin.at\/WP3\/wp-json\/wp\/v2\/pages\/11\/revisions"}],"predecessor-version":[{"id":1218,"href":"https:\/\/manuelle-medizin.at\/WP3\/wp-json\/wp\/v2\/pages\/11\/revisions\/1218"}],"wp:attachment":[{"href":"https:\/\/manuelle-medizin.at\/WP3\/wp-json\/wp\/v2\/media?parent=11"}],"curies":[{"name":"wp","href":"https:\/\/api.w.org\/{rel}","templated":true}]}}